{"id":1206,"date":"2025-08-12T11:38:54","date_gmt":"2025-08-12T11:38:54","guid":{"rendered":"https:\/\/pbs-eppelheim.de\/?page_id=1206"},"modified":"2025-08-12T12:03:20","modified_gmt":"2025-08-12T12:03:20","slug":"entwicklungs-psychologischeberatung","status":"publish","type":"page","link":"https:\/\/pbs-eppelheim.de\/?page_id=1206","title":{"rendered":"Entwicklungs-psychologische Beratung"},"content":{"rendered":"\n<p>Unter <strong>entwicklungspsychologischer Beratung<\/strong> (EPB) versteht man ein videogest\u00fctzes Verfahren, in dem das Miteinander zwischen Ihnen und Ihrem Kind (im Alter zwischen 0 und 3 Jahren) begleitet wird. Gemeinsam mit Ihnen erarbeiten wir, welches Verhalten Ihr Kind zeigt und wie Sie als Elternteil darauf reagieren. Ziel ist es, die Beziehung zwischen Ihnen und Ihrem Kind zu f\u00f6rdern. Die EPB beg\u00fcnstigt eine sichere emotionale Bindung bei Ihrem Kind, welche in etwaigen sp\u00e4teren Belastungssituationen und deren Bew\u00e4ltigung einen Schutzfaktor darstellt. Zudem erfahren Sie mehr \u00fcber die F\u00e4higkeiten und Entwicklung Ihres Kindes und erleben dadurch eine St\u00e4rkung in Ihrer Elternrolle.<\/p>\n\n\n\n<p>Die EPB steht <strong>allen Eltern von Kindern im Alter von 0-3 Jahren<\/strong> offen.<\/p>\n\n\n\n<p>Entwickelt wurde die EPB unter der Leitung von Frau Prof. Dr. Ute Ziegenhain (Universit\u00e4tsklinikum Ulm). Die EPB wurde erfolgreich evaluiert und wird regelm\u00e4\u00dfig aktualisiert.<\/p>\n","protected":false},"excerpt":{"rendered":"<p>Unter entwicklungspsychologischer Beratung (EPB) versteht man ein videogest\u00fctzes Verfahren, in dem das Miteinander zwischen Ihnen und Ihrem Kind (im Alter zwischen 0 und 3 Jahren) begleitet wird. Gemeinsam mit Ihnen erarbeiten wir, welches Verhalten Ihr Kind zeigt und wie Sie als Elternteil darauf reagieren. Ziel ist es, die Beziehung zwischen Ihnen und Ihrem Kind zu&hellip;<a href=\"https:\/\/pbs-eppelheim.de\/?page_id=1206\">Weiterlesen <span class=\"screen-reader-text\">Entwicklungs-psychologische Beratung<\/span><\/a><\/p>\n","protected":false},"author":1,"featured_media":0,"parent":30,"menu_order":2,"comment_status":"closed","ping_status":"closed","template":"","meta":{"footnotes":""},"class_list":["post-1206","page","type-page","status-publish","hentry"],"_links":{"self":[{"href":"https:\/\/pbs-eppelheim.de\/index.php?rest_route=\/wp\/v2\/pages\/1206","targetHints":{"allow":["GET"]}}],"collection":[{"href":"https:\/\/pbs-eppelheim.de\/index.php?rest_route=\/wp\/v2\/pages"}],"about":[{"href":"https:\/\/pbs-eppelheim.de\/index.php?rest_route=\/wp\/v2\/types\/page"}],"author":[{"embeddable":true,"href":"https:\/\/pbs-eppelheim.de\/index.php?rest_route=\/wp\/v2\/users\/1"}],"replies":[{"embeddable":true,"href":"https:\/\/pbs-eppelheim.de\/index.php?rest_route=%2Fwp%2Fv2%2Fcomments&post=1206"}],"version-history":[{"count":4,"href":"https:\/\/pbs-eppelheim.de\/index.php?rest_route=\/wp\/v2\/pages\/1206\/revisions"}],"predecessor-version":[{"id":1222,"href":"https:\/\/pbs-eppelheim.de\/index.php?rest_route=\/wp\/v2\/pages\/1206\/revisions\/1222"}],"up":[{"embeddable":true,"href":"https:\/\/pbs-eppelheim.de\/index.php?rest_route=\/wp\/v2\/pages\/30"}],"wp:attachment":[{"href":"https:\/\/pbs-eppelheim.de\/index.php?rest_route=%2Fwp%2Fv2%2Fmedia&parent=1206"}],"curies":[{"name":"wp","href":"https:\/\/api.w.org\/{rel}","templated":true}]}}