{"id":200,"date":"2014-11-25T13:05:45","date_gmt":"2014-11-25T13:05:45","guid":{"rendered":"http:\/\/webseite.psycho-berat.de\/?page_id=200"},"modified":"2026-05-05T11:08:10","modified_gmt":"2026-05-05T11:08:10","slug":"psychologische-beratungsstelle-fuer-eltern-kinder-und-jugendliche","status":"publish","type":"page","link":"https:\/\/pbs-eppelheim.de\/","title":{"rendered":"Herzlich willkommen auf der Internetseite der Beratungsstelle f\u00fcr den Sozialraum Schwetzingen und Walldorf!"},"content":{"rendered":"<h3 style=\"text-align: left;\"><a href=\"https:\/\/pbs-eppelheim.de\/wp-content\/uploads\/2014\/11\/PBSLogo_trans6.png\"><img loading=\"lazy\" decoding=\"async\" class=\"alignnone  wp-image-294\" src=\"https:\/\/pbs-eppelheim.de\/wp-content\/uploads\/2014\/11\/PBSLogo_trans6-300x58.png\" alt=\"\" width=\"305\" height=\"59\" srcset=\"https:\/\/pbs-eppelheim.de\/wp-content\/uploads\/2014\/11\/PBSLogo_trans6-300x58.png 300w, https:\/\/pbs-eppelheim.de\/wp-content\/uploads\/2014\/11\/PBSLogo_trans6.png 611w\" sizes=\"auto, (max-width: 305px) 100vw, 305px\" \/><\/a><\/h3>\n<p>Zum Sozialraum Schwetzingen geh\u00f6ren die Gemeinden Altlu\u00dfheim, Br\u00fchl, Eppelheim, Hockenheim, Ketsch, Neulu\u00dfheim, Oftersheim, Plankstadt, Reilingen und Schwetzingen. Dar\u00fcber hinaus sind wir in Walldorf vertreten.<br \/>\n<span class=\"Cblack\">Auf dieser Seite finden Sie Informationen \u00fcber unser Angebot, die \u00d6ffnungszeiten, Terminvergabe, kurzfristigen Beratungsangeboten sowie Berichte zu aktuellen Veranstaltungen und Themen der Beratungsstelle.<\/span><\/p>\n<p><img decoding=\"async\" class=\"acenter\" src=\"https:\/\/www.pbs-eppelheim.de\/wp-content\/uploads\/2014\/12\/9c10e6c7285b2cade039c99ce756f998_Figuren-10-opt.jpg\" alt=\"Bild Front\" width=\"200\" \/><\/p>\n","protected":false},"excerpt":{"rendered":"<p>Zum Sozialraum Schwetzingen geh\u00f6ren die Gemeinden Altlu\u00dfheim, Br\u00fchl, Eppelheim, Hockenheim, Ketsch, Neulu\u00dfheim, Oftersheim, Plankstadt, Reilingen und Schwetzingen. Dar\u00fcber hinaus sind wir in Walldorf vertreten. Auf dieser Seite finden Sie Informationen \u00fcber unser Angebot, die \u00d6ffnungszeiten, Terminvergabe, kurzfristigen Beratungsangeboten sowie Berichte zu aktuellen Veranstaltungen und Themen der Beratungsstelle.<\/p>\n","protected":false},"author":1,"featured_media":0,"parent":0,"menu_order":0,"comment_status":"closed","ping_status":"closed","template":"","meta":{"footnotes":""},"class_list":["post-200","page","type-page","status-publish","hentry"],"_links":{"self":[{"href":"https:\/\/pbs-eppelheim.de\/index.php?rest_route=\/wp\/v2\/pages\/200","targetHints":{"allow":["GET"]}}],"collection":[{"href":"https:\/\/pbs-eppelheim.de\/index.php?rest_route=\/wp\/v2\/pages"}],"about":[{"href":"https:\/\/pbs-eppelheim.de\/index.php?rest_route=\/wp\/v2\/types\/page"}],"author":[{"embeddable":true,"href":"https:\/\/pbs-eppelheim.de\/index.php?rest_route=\/wp\/v2\/users\/1"}],"replies":[{"embeddable":true,"href":"https:\/\/pbs-eppelheim.de\/index.php?rest_route=%2Fwp%2Fv2%2Fcomments&post=200"}],"version-history":[{"count":36,"href":"https:\/\/pbs-eppelheim.de\/index.php?rest_route=\/wp\/v2\/pages\/200\/revisions"}],"predecessor-version":[{"id":1304,"href":"https:\/\/pbs-eppelheim.de\/index.php?rest_route=\/wp\/v2\/pages\/200\/revisions\/1304"}],"wp:attachment":[{"href":"https:\/\/pbs-eppelheim.de\/index.php?rest_route=%2Fwp%2Fv2%2Fmedia&parent=200"}],"curies":[{"name":"wp","href":"https:\/\/api.w.org\/{rel}","templated":true}]}}