{"id":34,"date":"2014-11-25T10:14:24","date_gmt":"2014-11-25T10:14:24","guid":{"rendered":"http:\/\/webseite.psycho-berat.de\/?page_id=34"},"modified":"2019-09-17T10:27:57","modified_gmt":"2019-09-17T10:27:57","slug":"jugendberatung","status":"publish","type":"page","link":"https:\/\/pbs-eppelheim.de\/?page_id=34","title":{"rendered":"Jugendberatung"},"content":{"rendered":"<ul>\n<li>Unterst\u00fctzung und Beratung von Jugendlichen bei der Abl\u00f6sung aus dem Elternhaus, bei Fragen ihrer schulischen, beruflichen und pers\u00f6nlichen Entwicklung<\/li>\n<li>Kinder, Jugendliche und junge Erwachsene k\u00f6nnen mit uns auch direkt Kontakt aufnehmen<br \/>\n<img decoding=\"async\" class=\"fright\" src=\"https:\/\/www.pbs-eppelheim.de\/wp-content\/uploads\/2014\/12\/cb5649f67a2a9d46ae5aaa7ed3c33129_Figuren-18-opt.jpg\" alt=\"Jugend\" width=\"150\" \/><\/li>\n<li>Wir bem\u00fchen uns, Kindern, Jugendlichen und jungen Erwachsenen m\u00f6glichst\u00a0kurzfristig einen Termin anzubieten<\/li>\n<\/ul>\n<p class=\"acenter\">\n","protected":false},"excerpt":{"rendered":"<p>Unterst\u00fctzung und Beratung von Jugendlichen bei der Abl\u00f6sung aus dem Elternhaus, bei Fragen ihrer schulischen, beruflichen und pers\u00f6nlichen Entwicklung Kinder, Jugendliche und junge Erwachsene k\u00f6nnen mit uns auch direkt Kontakt aufnehmen Wir bem\u00fchen uns, Kindern, Jugendlichen und jungen Erwachsenen m\u00f6glichst\u00a0kurzfristig einen Termin anzubieten<\/p>\n","protected":false},"author":1,"featured_media":0,"parent":30,"menu_order":0,"comment_status":"closed","ping_status":"closed","template":"","meta":{"footnotes":""},"class_list":["post-34","page","type-page","status-publish","hentry"],"_links":{"self":[{"href":"https:\/\/pbs-eppelheim.de\/index.php?rest_route=\/wp\/v2\/pages\/34","targetHints":{"allow":["GET"]}}],"collection":[{"href":"https:\/\/pbs-eppelheim.de\/index.php?rest_route=\/wp\/v2\/pages"}],"about":[{"href":"https:\/\/pbs-eppelheim.de\/index.php?rest_route=\/wp\/v2\/types\/page"}],"author":[{"embeddable":true,"href":"https:\/\/pbs-eppelheim.de\/index.php?rest_route=\/wp\/v2\/users\/1"}],"replies":[{"embeddable":true,"href":"https:\/\/pbs-eppelheim.de\/index.php?rest_route=%2Fwp%2Fv2%2Fcomments&post=34"}],"version-history":[{"count":5,"href":"https:\/\/pbs-eppelheim.de\/index.php?rest_route=\/wp\/v2\/pages\/34\/revisions"}],"predecessor-version":[{"id":791,"href":"https:\/\/pbs-eppelheim.de\/index.php?rest_route=\/wp\/v2\/pages\/34\/revisions\/791"}],"up":[{"embeddable":true,"href":"https:\/\/pbs-eppelheim.de\/index.php?rest_route=\/wp\/v2\/pages\/30"}],"wp:attachment":[{"href":"https:\/\/pbs-eppelheim.de\/index.php?rest_route=%2Fwp%2Fv2%2Fmedia&parent=34"}],"curies":[{"name":"wp","href":"https:\/\/api.w.org\/{rel}","templated":true}]}}