{"id":40,"date":"2014-11-25T10:16:41","date_gmt":"2014-11-25T10:16:41","guid":{"rendered":"http:\/\/webseite.psycho-berat.de\/?page_id=40"},"modified":"2014-12-16T10:48:25","modified_gmt":"2014-12-16T10:48:25","slug":"supervision-und-praxisberatung","status":"publish","type":"page","link":"https:\/\/pbs-eppelheim.de\/?page_id=40","title":{"rendered":"Supervision und Praxisberatung"},"content":{"rendered":"<ul>\n<li>Praxisberatung\/Supervision f\u00fcr Erzieher\/Innen, Lehrer\/Innen und sozialp\u00e4dagogische Fachkr\u00e4fte sowie f\u00fcr Fachteams in psychosozialen Arbeitsfeldern<br \/>\n<img decoding=\"async\" class=\"fright\" src=\"https:\/\/www.pbs-eppelheim.de\/wp-content\/uploads\/2014\/12\/e686148d092bc3a572071be1ed9839cb_Figuren-15-opt.jpg\" alt=\"Supervision\" width=\"150\" \/><\/li>\n<\/ul>\n","protected":false},"excerpt":{"rendered":"<p>Praxisberatung\/Supervision f\u00fcr Erzieher\/Innen, Lehrer\/Innen und sozialp\u00e4dagogische Fachkr\u00e4fte sowie f\u00fcr Fachteams in psychosozialen Arbeitsfeldern<\/p>\n","protected":false},"author":1,"featured_media":0,"parent":30,"menu_order":0,"comment_status":"closed","ping_status":"closed","template":"","meta":{"footnotes":""},"class_list":["post-40","page","type-page","status-publish","hentry"],"_links":{"self":[{"href":"https:\/\/pbs-eppelheim.de\/index.php?rest_route=\/wp\/v2\/pages\/40","targetHints":{"allow":["GET"]}}],"collection":[{"href":"https:\/\/pbs-eppelheim.de\/index.php?rest_route=\/wp\/v2\/pages"}],"about":[{"href":"https:\/\/pbs-eppelheim.de\/index.php?rest_route=\/wp\/v2\/types\/page"}],"author":[{"embeddable":true,"href":"https:\/\/pbs-eppelheim.de\/index.php?rest_route=\/wp\/v2\/users\/1"}],"replies":[{"embeddable":true,"href":"https:\/\/pbs-eppelheim.de\/index.php?rest_route=%2Fwp%2Fv2%2Fcomments&post=40"}],"version-history":[{"count":2,"href":"https:\/\/pbs-eppelheim.de\/index.php?rest_route=\/wp\/v2\/pages\/40\/revisions"}],"predecessor-version":[{"id":351,"href":"https:\/\/pbs-eppelheim.de\/index.php?rest_route=\/wp\/v2\/pages\/40\/revisions\/351"}],"up":[{"embeddable":true,"href":"https:\/\/pbs-eppelheim.de\/index.php?rest_route=\/wp\/v2\/pages\/30"}],"wp:attachment":[{"href":"https:\/\/pbs-eppelheim.de\/index.php?rest_route=%2Fwp%2Fv2%2Fmedia&parent=40"}],"curies":[{"name":"wp","href":"https:\/\/api.w.org\/{rel}","templated":true}]}}