{"id":44,"date":"2014-11-25T11:17:48","date_gmt":"2014-11-25T11:17:48","guid":{"rendered":"http:\/\/webseite.psycho-berat.de\/?page_id=44"},"modified":"2026-05-05T12:50:54","modified_gmt":"2026-05-05T12:50:54","slug":"beratungskosten-spenden","status":"publish","type":"page","link":"https:\/\/pbs-eppelheim.de\/?page_id=44","title":{"rendered":"Beratungskosten &#038; Spenden"},"content":{"rendered":"<h2>Was kostet\u00a0die Beratung?<\/h2>\n<p>F\u00fcr die Beratung\u00a0entstehen f\u00fcr Sie keine Kosten.<br \/>\nAls \u00f6ffentliche\u00a0Einrichtung der Jugendhilfe werden wir vom Rhein-Neckar-Kreis sowie von den Gemeinden und St\u00e4dten finanziell gef\u00f6rdert.<\/p>\n<p>Aufgrund der in den letzten Jahren knapper werdenden Mitteln sind wir jedoch auf zus\u00e4tzliche finanzielle Unterst\u00fctzung unserer Arbeit angewiesen und freuen uns daher \u00fcber jede Spende. Eine Spendenquittung ist m\u00f6glich, setzen Sie sich hierzu mit unserem B\u00fcro in Eppelheim in Verbindung. Herzlichen Dank!<\/p>\n<p class=\"acenter\"><strong>Bankverbindung:<\/strong><\/p>\n<p class=\"acenter\">Erziehungsberatung Eppelheim e.V.<br \/>\nVolksbank Heidelberg-Neckartal<br \/>\nIBAN: DE29 6729 1700 0008\u00a0 6678 10\u00a0 \u00a0BIC: GENODE61HD1<\/p>\n<p class=\"acenter\">\n","protected":false},"excerpt":{"rendered":"<p>Was kostet\u00a0die Beratung? F\u00fcr die Beratung\u00a0entstehen f\u00fcr Sie keine Kosten. Als \u00f6ffentliche\u00a0Einrichtung der Jugendhilfe werden wir vom Rhein-Neckar-Kreis sowie von den Gemeinden und St\u00e4dten finanziell gef\u00f6rdert. Aufgrund der in den letzten Jahren knapper werdenden Mitteln sind wir jedoch auf zus\u00e4tzliche finanzielle Unterst\u00fctzung unserer Arbeit angewiesen und freuen uns daher \u00fcber jede Spende. Eine Spendenquittung ist [&hellip;]<\/p>\n","protected":false},"author":1,"featured_media":0,"parent":0,"menu_order":0,"comment_status":"closed","ping_status":"closed","template":"","meta":{"footnotes":""},"class_list":["post-44","page","type-page","status-publish","hentry"],"_links":{"self":[{"href":"https:\/\/pbs-eppelheim.de\/index.php?rest_route=\/wp\/v2\/pages\/44","targetHints":{"allow":["GET"]}}],"collection":[{"href":"https:\/\/pbs-eppelheim.de\/index.php?rest_route=\/wp\/v2\/pages"}],"about":[{"href":"https:\/\/pbs-eppelheim.de\/index.php?rest_route=\/wp\/v2\/types\/page"}],"author":[{"embeddable":true,"href":"https:\/\/pbs-eppelheim.de\/index.php?rest_route=\/wp\/v2\/users\/1"}],"replies":[{"embeddable":true,"href":"https:\/\/pbs-eppelheim.de\/index.php?rest_route=%2Fwp%2Fv2%2Fcomments&post=44"}],"version-history":[{"count":8,"href":"https:\/\/pbs-eppelheim.de\/index.php?rest_route=\/wp\/v2\/pages\/44\/revisions"}],"predecessor-version":[{"id":1325,"href":"https:\/\/pbs-eppelheim.de\/index.php?rest_route=\/wp\/v2\/pages\/44\/revisions\/1325"}],"wp:attachment":[{"href":"https:\/\/pbs-eppelheim.de\/index.php?rest_route=%2Fwp%2Fv2%2Fmedia&parent=44"}],"curies":[{"name":"wp","href":"https:\/\/api.w.org\/{rel}","templated":true}]}}