{"id":46,"date":"2014-11-25T11:18:25","date_gmt":"2014-11-25T11:18:25","guid":{"rendered":"http:\/\/webseite.psycho-berat.de\/?page_id=46"},"modified":"2026-02-17T10:23:56","modified_gmt":"2026-02-17T10:23:56","slug":"kurzberatung","status":"publish","type":"page","link":"https:\/\/pbs-eppelheim.de\/?page_id=46","title":{"rendered":"Kurzberatung"},"content":{"rendered":"\n<p>Kurzberatung ist ein Angebot f\u00fcr Eltern in unserem Einzugsgebiet (Eppelheim, Plankstadt, Hockenheim, Reilingen, Neu- und Altlu\u00dfheim, Walldorf) und bedeutet, schnell und unb\u00fcrokratisch bei Erziehungsfragen fachlichen Rat zu bekommen.<\/p>\n\n\n\n<figure class=\"wp-block-image\"><img decoding=\"async\" src=\"https:\/\/www.pbs-eppelheim.de\/wp-content\/uploads\/2014\/12\/7eaa1cf1713fd7b41c637b51b802d79e_Figuren-4-opt.gif\" alt=\"Kurzberatung\"\/><\/figure>\n\n\n\n<p>Die Beratung dauert \u00bd Stunde und findet anonym und ohne Wartezeit statt. Sollte sich im Laufe der Kurzberatung herausstellen, dass ein gr\u00f6\u00dferer Bedarf besteht, wird gemeinsam entschieden, was zur weiteren Unterst\u00fctzung sinnvoll w\u00e4re.<br>\nIm n\u00e4chsten halben Jahr stehen Ihnen folgende Termine zur Verf\u00fcgung:<br>\n(Interessenten\/innen melden sich bitte im entsprechenden Kindergarten\/Kindertagesst\u00e4tte !)<\/p>\n\n\n\n<p class=\"has-vivid-red-color has-text-color\"><\/p>\n\n\n\n<p><\/p>\n\n\n\n<p><\/p>\n\n\n\n<p class=\"has-black-color has-text-color has-medium-font-size\"><strong>Termine in Eppelheim<\/strong><\/p>\n\n\n\n<p class=\"has-small-font-size\">24.07.2025&nbsp;&nbsp;&nbsp;&nbsp;&nbsp; 09:30 &#8211; 11:30 Uhr&nbsp;&nbsp;&nbsp;&nbsp;&nbsp;&nbsp; Regenbogen \u2013 Postillion e.V., Justus-von-Liebig-Str. 7\/1, Tel.: 06221\/7191598<\/p>\n\n\n\n<p class=\"has-small-font-size\">25.09.2025&nbsp;&nbsp;&nbsp;&nbsp;&nbsp; 09:30 &#8211; 11:30 Uhr&nbsp;&nbsp;&nbsp;&nbsp;&nbsp;&nbsp; Villa Kunterbunt, Grenzh\u00f6ferstra\u00dfe 20, Tel.: 06221\/794170<\/p>\n\n\n\n<p class=\"has-small-font-size\">23.10.2025&nbsp;&nbsp;&nbsp;&nbsp;&nbsp; 09:30 &#8211; 11:30 Uhr&nbsp;&nbsp;&nbsp;&nbsp;&nbsp;&nbsp; Kath. Kindertagesst\u00e4tte St. Luitgard, Rudolf-Wild-Str. 56, Tel. 06221\/4352350<\/p>\n\n\n\n<p class=\"has-small-font-size\">27.11.2025&nbsp;&nbsp;&nbsp;&nbsp;&nbsp; 09:30 &#8211; 11:30 Uhr&nbsp;&nbsp;&nbsp;&nbsp;&nbsp;&nbsp; Ev. Kindertagesst\u00e4tte Sonnenblume, Daimlerstr. 27, Tel.: 06221\/4352350<\/p>\n\n\n\n<p class=\"has-small-font-size\">18.12.2025&nbsp;&nbsp;&nbsp;&nbsp;&nbsp; 09:30 &#8211; 11:30 Uhr&nbsp;&nbsp;&nbsp;&nbsp;&nbsp;&nbsp; Kath. Kindertagesst\u00e4tte St. Elisabeth, Scheffelstr. 11, Tel.: 06221\/4352360<\/p>\n\n\n\n<p class=\"has-small-font-size\">22.01.2026&nbsp;&nbsp;&nbsp;&nbsp;&nbsp; 09:30 &#8211; 11:30 Uhr&nbsp;&nbsp;&nbsp;&nbsp;&nbsp;&nbsp; Ev. Kindertagesst\u00e4tte Friedrich Fr\u00f6bel, Otto-Hahn-Str. 1a, Tel.: 06221\/757050<\/p>\n\n\n\n<p class=\"has-small-font-size\">26.02.2026&nbsp;&nbsp;&nbsp;&nbsp;&nbsp; 09:30 &#8211; 11:30 Uhr&nbsp;&nbsp;&nbsp;&nbsp;&nbsp;&nbsp; Kindergarten Scheffelstra\u00dfe, Scheffelstr. 5, Tel.: 06221\/765290<\/p>\n\n\n\n<p class=\"has-small-font-size\">26.03.2026&nbsp;&nbsp;&nbsp;&nbsp;&nbsp; 09:30 &#8211; 11:30 Uhr&nbsp;&nbsp;&nbsp;&nbsp;&nbsp;&nbsp; Regenbogen \u2013 Postillion e.V., Justus-von-Liebig-Stra\u00dfe 7\/1,  06221\/7191598<\/p>\n\n\n\n<p class=\"has-small-font-size\"><\/p>\n\n\n\n<p class=\"has-medium-font-size\"><strong>Termine in Hockenheim<\/strong><\/p>\n\n\n\n<p class=\"has-small-font-size\">09.03.2026\u00a0\u00a0\u00a0\u00a0\u00a0\u00a0 14:00-16:00 Uhr \u00a0\u00a0\u00a0\u00a0\u00a0\u00a0\u00a0\u00a0S\u00fcdstadt-Kindergarten, Beim Pumpwerk 2, Tel.: 06205\/923456<\/p>\n\n\n\n<p class=\"has-small-font-size\">13.04.2026\u00a0\u00a0\u00a0\u00a0\u00a0\u00a0 14:00\u201316:00 Uhr\u00a0\u00a0\u00a0\u00a0\u00a0\u00a0\u00a0 Sonnenblume Kindergarten, Heiner-Fleischmann-Stra\u00dfe 11, Tel.: 06205\/292980<\/p>\n\n\n\n<p class=\"has-small-font-size\">11.05.2026\u00a0\u00a0\u00a0\u00a0\u00a0\u00a0 14:00\u201316:00 Uhr\u00a0\u00a0\u00a0\u00a0\u00a0\u00a0\u00a0\u00a0Kindertagesst\u00e4tte Pusteblume, Zeppelinstr. 51, Neulu\u00dfheim, Tel.: 06205\/33897<\/p>\n\n\n\n<p class=\"has-small-font-size\">15.06.2026\u00a0\u00a0\u00a0\u00a0\u00a0\u00a0 14:00-16:00 Uhr \u00a0\u00a0\u00a0\u00a0\u00a0\u00a0\u00a0\u00a0St. Maria Kindergarten, Fasanenweg 4, Tel.: 06205\/4154<\/p>\n\n\n\n<p class=\"has-small-font-size\">13.07.2026\u00a0\u00a0\u00a0\u00a0\u00a0\u00a0 14:00\u201316:00 Uhr\u00a0\u00a0\u00a0\u00a0\u00a0\u00a0\u00a0\u00a0Heinrich-Bossert-Kindergarten, Heidelberger Stra\u00dfe 89, 06205\/3080430<\/p>\n\n\n\n<p class=\"has-small-font-size\">28.09.2026\u00a0\u00a0\u00a0\u00a0\u00a0\u00a0 14:00\u201316:00 Uhr\u00a0\u00a0\u00a0\u00a0\u00a0\u00a0\u00a0\u00a0Park Kindergarten, Dresdner Str. 1, Tel.: 06205\/2929950<\/p>\n\n\n\n<p><\/p>\n\n\n\n<p class=\"has-medium-font-size\"><strong>Termine in Walldorf<\/strong><\/p>\n\n\n\n<p class=\"has-small-font-size\"><\/p>\n\n\n\n<p class=\"has-small-font-size\">11.12.2025&nbsp;&nbsp;&nbsp;&nbsp;&nbsp;&nbsp;&nbsp; 09:00-11:00&nbsp;&nbsp;&nbsp;&nbsp;&nbsp;&nbsp;Haus der Kinder, Haydnstra\u00dfe 27, Tel.: 06227\/352100<\/p>\n\n\n\n<p class=\"has-small-font-size\">13.01.2026&nbsp;&nbsp;&nbsp;&nbsp;&nbsp;&nbsp;&nbsp; 09:00-11:00&nbsp;&nbsp;&nbsp;&nbsp;&nbsp;&nbsp; Haus der Kleinen H\u00e4nde, Dietmar-Hopp-Allee 14, Tel.: 06227\/3589152<\/p>\n\n\n\n<p class=\"has-small-font-size\">10.02.2026&nbsp;&nbsp;&nbsp;&nbsp;&nbsp;&nbsp;&nbsp; 11:00-13:00&nbsp;&nbsp;&nbsp;&nbsp;&nbsp;&nbsp; Kindergarten St. Marien, Hebelstra\u00dfe 2, Tel.:06227\/983609<\/p>\n\n\n\n<p class=\"has-small-font-size\">09.03.2026&nbsp;&nbsp;&nbsp;&nbsp;&nbsp;&nbsp;&nbsp; 14:00-16:00&nbsp;&nbsp;&nbsp;&nbsp;&nbsp;&nbsp; Kita Gewann Hof Zipfelm\u00fctzen e.V., Neue Heimat 31, Tel.: 06227\/355940<\/p>\n\n\n\n<p class=\"has-small-font-size\">14.04.2026&nbsp;&nbsp;&nbsp;&nbsp;&nbsp;&nbsp;&nbsp; 14:00-16:00&nbsp;&nbsp;&nbsp;&nbsp;&nbsp;&nbsp; Kita Astor Haus, Johann-Jakob-Astor-Str. 37, Tel.: 06227\/35400<\/p>\n\n\n\n<p class=\"has-small-font-size\">07.05.2026&nbsp;&nbsp;&nbsp;&nbsp;&nbsp;&nbsp;&nbsp; 09:00-11:00&nbsp;&nbsp;&nbsp;&nbsp;&nbsp;&nbsp; Evangelischer Kindergarten, B\u00fcrgermeister-Willinger-Str. 67, Tel.: 06227\/9314<\/p>\n\n\n\n<p class=\"has-small-font-size\">18.06.2026&nbsp;&nbsp;&nbsp;&nbsp;&nbsp;&nbsp;&nbsp; 09:00-11:00&nbsp;&nbsp;&nbsp;&nbsp;&nbsp;&nbsp;Haus der Kinder, Haydnstra\u00dfe 27, Tel.: 06227\/352100<\/p>\n\n\n\n<p class=\"has-small-font-size\"><\/p>\n\n\n\n<p class=\"has-small-font-size\"><\/p>\n\n\n\n<p class=\"has-small-font-size\"><\/p>\n\n\n\n<p><\/p>\n","protected":false},"excerpt":{"rendered":"<p>Kurzberatung ist ein Angebot f\u00fcr Eltern in unserem Einzugsgebiet (Eppelheim, Plankstadt, Hockenheim, Reilingen, Neu- und Altlu\u00dfheim, Walldorf) und bedeutet, schnell und unb\u00fcrokratisch bei Erziehungsfragen fachlichen Rat zu bekommen. Die Beratung dauert \u00bd Stunde und findet anonym und ohne Wartezeit statt. Sollte sich im Laufe der Kurzberatung herausstellen, dass ein gr\u00f6\u00dferer Bedarf besteht, wird gemeinsam entschieden, [&hellip;]<\/p>\n","protected":false},"author":1,"featured_media":0,"parent":0,"menu_order":0,"comment_status":"closed","ping_status":"closed","template":"","meta":{"footnotes":""},"class_list":["post-46","page","type-page","status-publish","hentry"],"_links":{"self":[{"href":"https:\/\/pbs-eppelheim.de\/index.php?rest_route=\/wp\/v2\/pages\/46","targetHints":{"allow":["GET"]}}],"collection":[{"href":"https:\/\/pbs-eppelheim.de\/index.php?rest_route=\/wp\/v2\/pages"}],"about":[{"href":"https:\/\/pbs-eppelheim.de\/index.php?rest_route=\/wp\/v2\/types\/page"}],"author":[{"embeddable":true,"href":"https:\/\/pbs-eppelheim.de\/index.php?rest_route=\/wp\/v2\/users\/1"}],"replies":[{"embeddable":true,"href":"https:\/\/pbs-eppelheim.de\/index.php?rest_route=%2Fwp%2Fv2%2Fcomments&post=46"}],"version-history":[{"count":175,"href":"https:\/\/pbs-eppelheim.de\/index.php?rest_route=\/wp\/v2\/pages\/46\/revisions"}],"predecessor-version":[{"id":1252,"href":"https:\/\/pbs-eppelheim.de\/index.php?rest_route=\/wp\/v2\/pages\/46\/revisions\/1252"}],"wp:attachment":[{"href":"https:\/\/pbs-eppelheim.de\/index.php?rest_route=%2Fwp%2Fv2%2Fmedia&parent=46"}],"curies":[{"name":"wp","href":"https:\/\/api.w.org\/{rel}","templated":true}]}}