{"id":48,"date":"2014-11-25T11:19:19","date_gmt":"2014-11-25T11:19:19","guid":{"rendered":"http:\/\/webseite.psycho-berat.de\/?page_id=48"},"modified":"2020-12-23T11:44:05","modified_gmt":"2020-12-23T11:44:05","slug":"krisen-und-notfalleinrichtungen","status":"publish","type":"page","link":"https:\/\/pbs-eppelheim.de\/?page_id=48","title":{"rendered":"Krisen- und Notfalleinrichtungen"},"content":{"rendered":"<p>In aktuellen Notlagen und Krisen k\u00f6nnen Sie sich an folgende Einrichtungen wenden. Bitte scheuen Sie sich nicht, von dieser M\u00f6glichkeit gebrauch zu machen!<\/p>\n<hr \/>\n<p><strong class=\"Cred\">Kliniken:<br \/><\/strong><span class=\"Cblack\"><strong>Kinder- und Jugenpsychiatrie in\u00a0Heidelberg<\/strong>:<br \/>Tel.: 06221-566914 (tags\u00fcber); 06221-4466 (nachts)<\/span><\/p>\n<p><strong>Psychiatrische Klinik Heidelberg<\/strong>:<br \/>06221-564466<br \/><strong><br \/><span class=\"Cblack\">Zentralinstitut f\u00fcr seelische Gesundheit in Mannheim (ZI)<br \/><\/span><\/strong><span class=\"Cblack\">0621 1703-2150 (tags\u00fcber); <\/span><span class=\"Cblack\">0621 \/ 1703-0 (nachts, feiertags)<br \/><\/span><\/p>\n<hr \/>\n<p><span class=\"Cred\"><strong>Jugendamt<br \/><\/strong><\/span><span class=\"Cblack\">Bereitschaftsdienst des Jugendamtes Rhein-Neckar (8.00 &#8211; 17.00 Uhr)<br \/>06222-30734195 bzw. 30734196<br \/><\/span><\/p>\n<p><strong><span class=\"Cred\">Telefonseelsorge<\/span><br \/><\/strong><span class=\"Cblack\">0800 \/ 1110111 (keine Telefonkosten!)<\/span><\/p>\n<p><strong class=\"Cred\">Kinder- und Jugendtelefon (Nummer gegen Kummer)<\/strong><br \/><span class=\"Cred\">F\u00fcr Kinder und Jugendliche besteht die M\u00f6glichkeit, sich montags-samstags zwischen 14-20 Uhr an das Kinder- und Jugendtelefon zu wenden:<br \/>116111 (keine Telefonkosten!)<br \/>f\u00fcr Eltern: 0800\/1110550 (keine Telefonkosten!)<br \/><\/span><\/p>\n<p><strong class=\"Cred\">Frauen in Not<br \/><\/strong><span class=\"Cred\">Rund um die Uhr f\u00fcr Frauen in Not erreichbar:<br \/>Ihre n\u00e4chstliegende Polizeidienststelle (Polizeinortruf: 110).<\/span><\/p>\n<p>Frauenhaus Heidelberg: 06221-833088<br \/>Frauenh\u00e4user Mannheim: 0621-744242<br \/>0621-411068 (Heckerstift)<br \/>Frauenhaus Ludwigshafen: 0621-521969<\/p>\n<p><strong><span class=\"Cblack\"><span class=\"Cred\">Netzwerk ambulante Traumapsychotherapie in Heidelberg (NaTPH)<\/span><br \/><\/span><\/strong><span class=\"Cblack\">Tel.: 06221-603985 (Dienstags und Mittwochs von 9:15 Uhr bis 9:45 Uhr)<br \/><\/span><span class=\"Cblack\">Ausserdem k\u00f6nnen Sie auf dem Anrufbeantworter jederzeit eine Nachricht hinterlassen.\u00a0Sie werden zur\u00fcckgerufen,\u00a0sobald das B\u00fcro wieder besetzt ist.<\/span><\/p>\n<p>Email: buero@traumanetzwerkheidelberg.de<br \/><a href=\"http:\/\/www.traumanetzwerkheidelberg.de\/\">www.traumanetzwerkheidelberg.de<\/a><\/p>\n\n\n<p><\/p>\n","protected":false},"excerpt":{"rendered":"<p>In aktuellen Notlagen und Krisen k\u00f6nnen Sie sich an folgende Einrichtungen wenden. Bitte scheuen Sie sich nicht, von dieser M\u00f6glichkeit gebrauch zu machen! Kliniken:Kinder- und Jugenpsychiatrie in\u00a0Heidelberg:Tel.: 06221-566914 (tags\u00fcber); 06221-4466 (nachts) Psychiatrische Klinik Heidelberg:06221-564466Zentralinstitut f\u00fcr seelische Gesundheit in Mannheim (ZI)0621 1703-2150 (tags\u00fcber); 0621 \/ 1703-0 (nachts, feiertags) JugendamtBereitschaftsdienst des Jugendamtes Rhein-Neckar (8.00 &#8211; 17.00 Uhr)06222-30734195&hellip;<a href=\"https:\/\/pbs-eppelheim.de\/?page_id=48\">Weiterlesen <span class=\"screen-reader-text\">Krisen- und Notfalleinrichtungen<\/span><\/a><\/p>\n","protected":false},"author":1,"featured_media":0,"parent":0,"menu_order":0,"comment_status":"closed","ping_status":"closed","template":"","meta":{"footnotes":""},"class_list":["post-48","page","type-page","status-publish","hentry"],"_links":{"self":[{"href":"https:\/\/pbs-eppelheim.de\/index.php?rest_route=\/wp\/v2\/pages\/48","targetHints":{"allow":["GET"]}}],"collection":[{"href":"https:\/\/pbs-eppelheim.de\/index.php?rest_route=\/wp\/v2\/pages"}],"about":[{"href":"https:\/\/pbs-eppelheim.de\/index.php?rest_route=\/wp\/v2\/types\/page"}],"author":[{"embeddable":true,"href":"https:\/\/pbs-eppelheim.de\/index.php?rest_route=\/wp\/v2\/users\/1"}],"replies":[{"embeddable":true,"href":"https:\/\/pbs-eppelheim.de\/index.php?rest_route=%2Fwp%2Fv2%2Fcomments&post=48"}],"version-history":[{"count":3,"href":"https:\/\/pbs-eppelheim.de\/index.php?rest_route=\/wp\/v2\/pages\/48\/revisions"}],"predecessor-version":[{"id":887,"href":"https:\/\/pbs-eppelheim.de\/index.php?rest_route=\/wp\/v2\/pages\/48\/revisions\/887"}],"wp:attachment":[{"href":"https:\/\/pbs-eppelheim.de\/index.php?rest_route=%2Fwp%2Fv2%2Fmedia&parent=48"}],"curies":[{"name":"wp","href":"https:\/\/api.w.org\/{rel}","templated":true}]}}