{"id":58,"date":"2014-11-25T11:22:28","date_gmt":"2014-11-25T11:22:28","guid":{"rendered":"http:\/\/webseite.psycho-berat.de\/?page_id=58"},"modified":"2021-03-02T14:29:51","modified_gmt":"2021-03-02T14:29:51","slug":"traegerverein","status":"publish","type":"page","link":"https:\/\/pbs-eppelheim.de\/?page_id=58","title":{"rendered":"Tr\u00e4gerverein"},"content":{"rendered":"\n<p>Der Tr\u00e4gerverein f\u00fcr die psychologische Beratungsstelle ist der Verein Erziehungsberatung und Fr\u00fchhilfe f\u00fcr das Kind e.V. Eppelheim.<\/p>\n\n\n\n<p class=\"has-text-align-left\">Hier k\u00f6nnen Sie folgende Punkte ausw\u00e4hlen:<br><a href=\"https:\/\/pbs-eppelheim.de\/?page_id=60\">Mitgliedschaft<\/a><br><a href=\"https:\/\/pbs-eppelheim.de\/?page_id=62\">Satzung<\/a><a href=\"https:\/\/pbs-eppelheim.de\/?page_id=58\"><\/a><br><a href=\"https:\/\/pbs-eppelheim.de\/?page_id=926\">Jahresberichte<\/a><\/p>\n","protected":false},"excerpt":{"rendered":"<p>Der Tr\u00e4gerverein f\u00fcr die psychologische Beratungsstelle ist der Verein Erziehungsberatung und Fr\u00fchhilfe f\u00fcr das Kind e.V. Eppelheim. Hier k\u00f6nnen Sie folgende Punkte ausw\u00e4hlen:MitgliedschaftSatzungJahresberichte<\/p>\n","protected":false},"author":1,"featured_media":0,"parent":0,"menu_order":0,"comment_status":"closed","ping_status":"closed","template":"","meta":{"footnotes":""},"class_list":["post-58","page","type-page","status-publish","hentry"],"_links":{"self":[{"href":"https:\/\/pbs-eppelheim.de\/index.php?rest_route=\/wp\/v2\/pages\/58","targetHints":{"allow":["GET"]}}],"collection":[{"href":"https:\/\/pbs-eppelheim.de\/index.php?rest_route=\/wp\/v2\/pages"}],"about":[{"href":"https:\/\/pbs-eppelheim.de\/index.php?rest_route=\/wp\/v2\/types\/page"}],"author":[{"embeddable":true,"href":"https:\/\/pbs-eppelheim.de\/index.php?rest_route=\/wp\/v2\/users\/1"}],"replies":[{"embeddable":true,"href":"https:\/\/pbs-eppelheim.de\/index.php?rest_route=%2Fwp%2Fv2%2Fcomments&post=58"}],"version-history":[{"count":9,"href":"https:\/\/pbs-eppelheim.de\/index.php?rest_route=\/wp\/v2\/pages\/58\/revisions"}],"predecessor-version":[{"id":942,"href":"https:\/\/pbs-eppelheim.de\/index.php?rest_route=\/wp\/v2\/pages\/58\/revisions\/942"}],"wp:attachment":[{"href":"https:\/\/pbs-eppelheim.de\/index.php?rest_route=%2Fwp%2Fv2%2Fmedia&parent=58"}],"curies":[{"name":"wp","href":"https:\/\/api.w.org\/{rel}","templated":true}]}}