{"id":75,"date":"2014-11-25T11:26:09","date_gmt":"2014-11-25T11:26:09","guid":{"rendered":"http:\/\/webseite.psycho-berat.de\/?page_id=75"},"modified":"2026-05-04T14:33:24","modified_gmt":"2026-05-04T14:33:24","slug":"links-fuer-kinder-jugendliche","status":"publish","type":"page","link":"https:\/\/pbs-eppelheim.de\/?page_id=75","title":{"rendered":"Links f\u00fcr Kinder &#038; Jugendliche"},"content":{"rendered":"\n<p>Du hast noch keinen Beratungstermin? Hier bist du richtig, wenn du Probleme mit deinen Eltern, deinen Freunden, der Schule oder aber mit dir selbst hast!<\/p>\n\n\n\n<p><\/p>\n\n\n<p><a title=\"BKE-Jugendberatung\" href=\"http:\/\/www.bke-jugendberatung.de\" target=\"_blank\" rel=\"noopener\">bke Jugendberatung<\/a><br \/>Kinder und Jugendliche k\u00f6nnen sich in allen Fragen kostenfrei und anonym beraten lassen. Ausgebildete und erfahrene Berater:innen h\u00f6ren dir zu und helfen dir, wenn du dies w\u00fcnschst.<\/p>\n<p><a title=\"Kinder-Jugendtelefon\" href=\"http:\/\/nummergegenkummer.de\" target=\"_blank\" rel=\"noopener\">Nummer gegen Kummer<\/a><br \/>F\u00fcr Kinder und Jugendliche besteht die M\u00f6glichkeit, sich Montags-Samstags zwischen 14-20 Uhr unter der Nummer 116 111 an das Kinder- und Jugendtelefon zu wenden. Alternativ gibt es Beratung per Mail und im Chat.<\/p>\n<p><a title=\"Kidkit.de\" href=\"http:\/\/www.kidkit.de\" target=\"_blank\" rel=\"noopener\">KidKit <\/a><br \/>Hilfen f\u00fcr Kinder und Jugendliche<\/p>\n<p><a href=\"http:\/\/www.loveline.de\/\" target=\"_blank\" rel=\"noopener\">loveline<\/a><br \/>wie der Name schon sagt: hier gibt es\u00a0 Infos f\u00fcr Jugendliche zu Partnerschaft, Liebe, Sexualit\u00e4t, Verh\u00fctung, Schwangerschaft&#8230;<\/p>\n<p><a href=\"http:\/\/www.drugcom.de\/\" target=\"_blank\" rel=\"noopener\">drugcom<\/a><br \/>Check yourself &#8211; Wissentests, Selbsttests, Chat-Beratung, Infos zu Notf\u00e4llen u.v.m. speziell f\u00fcr Jugendliche<\/p>\n<p><a href=\"http:\/\/www.jugendnetz.de\/\" target=\"_blank\" rel=\"noopener\">Jugendnetz<\/a><br \/>Portal f\u00fcr Jugendliche, in dem alle m\u00f6glichen f\u00fcr Jugendliche interessanten Themen zu finden sind<\/p>\n<p><a href=\"http:\/\/www.blinde-kuh.de\/\" target=\"_blank\" rel=\"noopener\">Blinde Kuh<\/a><br \/>viele Links f\u00fcr Kinder und f\u00fcr Kinder geeignete Spiele finden sich unter dieser Adresse<\/p>","protected":false},"excerpt":{"rendered":"<p>Du hast noch keinen Beratungstermin? Hier bist du richtig, wenn du Probleme mit deinen Eltern, deinen Freunden, der Schule oder aber mit dir selbst hast! bke JugendberatungKinder und Jugendliche k\u00f6nnen sich in allen Fragen kostenfrei und anonym beraten lassen. Ausgebildete und erfahrene Berater:innen h\u00f6ren dir zu und helfen dir, wenn du dies w\u00fcnschst. Nummer gegen [&hellip;]<\/p>\n","protected":false},"author":1,"featured_media":0,"parent":70,"menu_order":0,"comment_status":"closed","ping_status":"closed","template":"","meta":{"footnotes":""},"class_list":["post-75","page","type-page","status-publish","hentry"],"_links":{"self":[{"href":"https:\/\/pbs-eppelheim.de\/index.php?rest_route=\/wp\/v2\/pages\/75","targetHints":{"allow":["GET"]}}],"collection":[{"href":"https:\/\/pbs-eppelheim.de\/index.php?rest_route=\/wp\/v2\/pages"}],"about":[{"href":"https:\/\/pbs-eppelheim.de\/index.php?rest_route=\/wp\/v2\/types\/page"}],"author":[{"embeddable":true,"href":"https:\/\/pbs-eppelheim.de\/index.php?rest_route=\/wp\/v2\/users\/1"}],"replies":[{"embeddable":true,"href":"https:\/\/pbs-eppelheim.de\/index.php?rest_route=%2Fwp%2Fv2%2Fcomments&post=75"}],"version-history":[{"count":3,"href":"https:\/\/pbs-eppelheim.de\/index.php?rest_route=\/wp\/v2\/pages\/75\/revisions"}],"predecessor-version":[{"id":1268,"href":"https:\/\/pbs-eppelheim.de\/index.php?rest_route=\/wp\/v2\/pages\/75\/revisions\/1268"}],"up":[{"embeddable":true,"href":"https:\/\/pbs-eppelheim.de\/index.php?rest_route=\/wp\/v2\/pages\/70"}],"wp:attachment":[{"href":"https:\/\/pbs-eppelheim.de\/index.php?rest_route=%2Fwp%2Fv2%2Fmedia&parent=75"}],"curies":[{"name":"wp","href":"https:\/\/api.w.org\/{rel}","templated":true}]}}